{"id":2284,"date":"2021-10-21T23:25:22","date_gmt":"2021-10-21T23:25:22","guid":{"rendered":"https:\/\/websitemc.azurewebsites.net\/ou-acheter-nos-produits-usa\/"},"modified":"2024-03-08T20:01:10","modified_gmt":"2024-03-08T20:01:10","slug":"ou-acheter-nos-produits-usa","status":"publish","type":"page","link":"https:\/\/marleycoffee.com\/fr\/ou-acheter-nos-produits-usa\/","title":{"rendered":"O\u00f9 acheter nos produits USA"},"content":{"rendered":"<div class=\"fusion-fullwidth fullwidth-box fusion-builder-row-1 fusion-parallax-none where-to-buy-wrapper nonhundred-percent-fullwidth non-hundred-percent-height-scrolling fusion-equal-height-columns lazyload\" style=\"--awb-background-position:center bottom;--awb-border-radius-top-left:0px;--awb-border-radius-top-right:0px;--awb-border-radius-bottom-right:0px;--awb-border-radius-bottom-left:0px;--awb-padding-top:130px;--awb-padding-bottom:130px;--awb-background-size:cover;--awb-flex-wrap:wrap;\" data-bg=\"\/wp-content\/uploads\/2022\/01\/bannerimage-buy-canada.jpg\" ><div class=\"fusion-builder-row fusion-row\"><div class=\"fusion-layout-column fusion_builder_column fusion-builder-column-0 fusion_builder_column_1_1 1_1 fusion-one-full fusion-column-first fusion-column-last\" style=\"--awb-bg-size:cover;\"><div class=\"fusion-column-wrapper fusion-column-has-shadow fusion-flex-column-wrapper-legacy\"><div class=\"fusion-image-element fusion-image-align-center in-legacy-container\" style=\"text-align:center;--awb-max-width:80px;--awb-caption-title-font-family:var(--h2_typography-font-family);--awb-caption-title-font-weight:var(--h2_typography-font-weight);--awb-caption-title-font-style:var(--h2_typography-font-style);--awb-caption-title-size:var(--h2_typography-font-size);--awb-caption-title-transform:var(--h2_typography-text-transform);--awb-caption-title-line-height:var(--h2_typography-line-height);--awb-caption-title-letter-spacing:var(--h2_typography-letter-spacing);\"><div class=\"imageframe-align-center\"><span class=\" fusion-imageframe imageframe-none imageframe-1 hover-type-none\"><img decoding=\"async\" width=\"114\" height=\"73\" alt=\"Marley Coffee - image de grain de caf\u00e9\" title=\"Marley Coffee &#8211; image de grain de caf\u00e9\" src=\"data:image\/svg+xml,%3Csvg%20xmlns%3D%27http%3A%2F%2Fwww.w3.org%2F2000%2Fsvg%27%20width%3D%27114%27%20height%3D%2773%27%20viewBox%3D%270%200%20114%2073%27%3E%3Crect%20width%3D%27114%27%20height%3D%2773%27%20fill-opacity%3D%220%22%2F%3E%3C%2Fsvg%3E\" data-orig-src=\"\/wp-content\/uploads\/2019\/02\/coffee_bean_icon.png\" class=\"lazyload img-responsive wp-image-293\"\/><\/span><\/div><\/div><div class=\"fusion-title title fusion-title-1 fusion-sep-none fusion-title-center fusion-title-text fusion-title-size-one white\" style=\"--awb-text-color:#ffffff;--awb-margin-top:16px;\"><h1 class=\"fusion-title-heading title-heading-center\" style=\"margin:0;\">O\u00f9 acheter nos produits<\/h1><\/div><div class=\"fusion-clearfix\"><\/div><\/div><\/div><\/div><\/div>\n","protected":false},"excerpt":{"rendered":"","protected":false},"author":5,"featured_media":0,"parent":0,"menu_order":0,"comment_status":"closed","ping_status":"closed","template":"where-to-buy-usa.php","meta":{"footnotes":""},"class_list":["post-2284","page","type-page","status-publish","hentry"],"yoast_head":"<!-- This site is optimized with the Yoast SEO plugin v27.2 - https:\/\/yoast.com\/product\/yoast-seo-wordpress\/ -->\n<title>O\u00f9 acheter nos produits USA &#8212; Marley Coffee<\/title>\n<meta name=\"description\" content=\"Trouvez o\u00f9 acheter le caf\u00e9 Marley Coffee chez les d\u00e9taillants en ligne aux \u00c9tats-Unis.\" \/>\n<meta name=\"robots\" content=\"index, follow, max-snippet:-1, max-image-preview:large, max-video-preview:-1\" \/>\n<link rel=\"canonical\" href=\"https:\/\/marleycoffee.com\/fr\/ou-acheter-nos-produits-usa\/\" \/>\n<meta property=\"og:locale\" content=\"fr_FR\" \/>\n<meta property=\"og:type\" content=\"article\" \/>\n<meta property=\"og:title\" content=\"O\u00f9 acheter nos produits USA &#8212; Marley Coffee\" \/>\n<meta property=\"og:description\" content=\"Trouvez o\u00f9 acheter le caf\u00e9 Marley Coffee chez les d\u00e9taillants en ligne aux \u00c9tats-Unis.\" \/>\n<meta property=\"og:url\" content=\"https:\/\/marleycoffee.com\/fr\/ou-acheter-nos-produits-usa\/\" \/>\n<meta property=\"og:site_name\" content=\"Marley Coffee\" \/>\n<meta property=\"article:publisher\" content=\"https:\/\/www.facebook.com\/MarleyCoffee\/\" \/>\n<meta property=\"article:modified_time\" content=\"2024-03-08T20:01:10+00:00\" \/>\n<meta name=\"twitter:card\" content=\"summary_large_image\" \/>\n<meta name=\"twitter:site\" content=\"@MarleyCoffee\" \/>\n<meta name=\"twitter:label1\" content=\"Dur\u00e9e de lecture estim\u00e9e\" \/>\n\t<meta name=\"twitter:data1\" content=\"1 minute\" \/>\n<script type=\"application\/ld+json\" class=\"yoast-schema-graph\">{\"@context\":\"https:\/\/schema.org\",\"@graph\":[{\"@type\":\"WebPage\",\"@id\":\"https:\/\/marleycoffee.com\/fr\/ou-acheter-nos-produits-usa\/\",\"url\":\"https:\/\/marleycoffee.com\/fr\/ou-acheter-nos-produits-usa\/\",\"name\":\"O\u00f9 acheter nos produits USA &#8212; Marley Coffee\",\"isPartOf\":{\"@id\":\"https:\/\/marleycoffee.com\/#website\"},\"datePublished\":\"2021-10-21T23:25:22+00:00\",\"dateModified\":\"2024-03-08T20:01:10+00:00\",\"description\":\"Trouvez o\u00f9 acheter le caf\u00e9 Marley Coffee chez les d\u00e9taillants en ligne aux \u00c9tats-Unis.\",\"breadcrumb\":{\"@id\":\"https:\/\/marleycoffee.com\/fr\/ou-acheter-nos-produits-usa\/#breadcrumb\"},\"inLanguage\":\"fr-FR\",\"potentialAction\":[{\"@type\":\"ReadAction\",\"target\":[\"https:\/\/marleycoffee.com\/fr\/ou-acheter-nos-produits-usa\/\"]}]},{\"@type\":\"BreadcrumbList\",\"@id\":\"https:\/\/marleycoffee.com\/fr\/ou-acheter-nos-produits-usa\/#breadcrumb\",\"itemListElement\":[{\"@type\":\"ListItem\",\"position\":1,\"name\":\"Home\",\"item\":\"https:\/\/marleycoffee.com\/fr\/\"},{\"@type\":\"ListItem\",\"position\":2,\"name\":\"O\u00f9 acheter nos produits USA\"}]},{\"@type\":\"WebSite\",\"@id\":\"https:\/\/marleycoffee.com\/#website\",\"url\":\"https:\/\/marleycoffee.com\/\",\"name\":\"Marley Coffee\",\"description\":\"\",\"publisher\":{\"@id\":\"https:\/\/marleycoffee.com\/#organization\"},\"potentialAction\":[{\"@type\":\"SearchAction\",\"target\":{\"@type\":\"EntryPoint\",\"urlTemplate\":\"https:\/\/marleycoffee.com\/?s={search_term_string}\"},\"query-input\":{\"@type\":\"PropertyValueSpecification\",\"valueRequired\":true,\"valueName\":\"search_term_string\"}}],\"inLanguage\":\"fr-FR\"},{\"@type\":\"Organization\",\"@id\":\"https:\/\/marleycoffee.com\/#organization\",\"name\":\"Marley Coffee\",\"url\":\"https:\/\/marleycoffee.com\/\",\"logo\":{\"@type\":\"ImageObject\",\"inLanguage\":\"fr-FR\",\"@id\":\"https:\/\/marleycoffee.com\/#\/schema\/logo\/image\/\",\"url\":\"https:\/\/i0.wp.com\/marleycoffee.com\/wp-content\/uploads\/2019\/04\/MarleyRLogo.png?fit=306%2C300&ssl=1\",\"contentUrl\":\"https:\/\/i0.wp.com\/marleycoffee.com\/wp-content\/uploads\/2019\/04\/MarleyRLogo.png?fit=306%2C300&ssl=1\",\"width\":306,\"height\":300,\"caption\":\"Marley Coffee\"},\"image\":{\"@id\":\"https:\/\/marleycoffee.com\/#\/schema\/logo\/image\/\"},\"sameAs\":[\"https:\/\/www.facebook.com\/MarleyCoffee\/\",\"https:\/\/x.com\/MarleyCoffee\",\"https:\/\/www.instagram.com\/marleycoffee\/\",\"https:\/\/www.pinterest.com\/marleycoffee\/\"]}]}<\/script>\n<!-- \/ Yoast SEO plugin. -->","yoast_head_json":{"title":"O\u00f9 acheter nos produits USA &#8212; Marley Coffee","description":"Trouvez o\u00f9 acheter le caf\u00e9 Marley Coffee chez les d\u00e9taillants en ligne aux \u00c9tats-Unis.","robots":{"index":"index","follow":"follow","max-snippet":"max-snippet:-1","max-image-preview":"max-image-preview:large","max-video-preview":"max-video-preview:-1"},"canonical":"https:\/\/marleycoffee.com\/fr\/ou-acheter-nos-produits-usa\/","og_locale":"fr_FR","og_type":"article","og_title":"O\u00f9 acheter nos produits USA &#8212; Marley Coffee","og_description":"Trouvez o\u00f9 acheter le caf\u00e9 Marley Coffee chez les d\u00e9taillants en ligne aux \u00c9tats-Unis.","og_url":"https:\/\/marleycoffee.com\/fr\/ou-acheter-nos-produits-usa\/","og_site_name":"Marley Coffee","article_publisher":"https:\/\/www.facebook.com\/MarleyCoffee\/","article_modified_time":"2024-03-08T20:01:10+00:00","twitter_card":"summary_large_image","twitter_site":"@MarleyCoffee","twitter_misc":{"Dur\u00e9e de lecture estim\u00e9e":"1 minute"},"schema":{"@context":"https:\/\/schema.org","@graph":[{"@type":"WebPage","@id":"https:\/\/marleycoffee.com\/fr\/ou-acheter-nos-produits-usa\/","url":"https:\/\/marleycoffee.com\/fr\/ou-acheter-nos-produits-usa\/","name":"O\u00f9 acheter nos produits USA &#8212; Marley Coffee","isPartOf":{"@id":"https:\/\/marleycoffee.com\/#website"},"datePublished":"2021-10-21T23:25:22+00:00","dateModified":"2024-03-08T20:01:10+00:00","description":"Trouvez o\u00f9 acheter le caf\u00e9 Marley Coffee chez les d\u00e9taillants en ligne aux \u00c9tats-Unis.","breadcrumb":{"@id":"https:\/\/marleycoffee.com\/fr\/ou-acheter-nos-produits-usa\/#breadcrumb"},"inLanguage":"fr-FR","potentialAction":[{"@type":"ReadAction","target":["https:\/\/marleycoffee.com\/fr\/ou-acheter-nos-produits-usa\/"]}]},{"@type":"BreadcrumbList","@id":"https:\/\/marleycoffee.com\/fr\/ou-acheter-nos-produits-usa\/#breadcrumb","itemListElement":[{"@type":"ListItem","position":1,"name":"Home","item":"https:\/\/marleycoffee.com\/fr\/"},{"@type":"ListItem","position":2,"name":"O\u00f9 acheter nos produits USA"}]},{"@type":"WebSite","@id":"https:\/\/marleycoffee.com\/#website","url":"https:\/\/marleycoffee.com\/","name":"Marley Coffee","description":"","publisher":{"@id":"https:\/\/marleycoffee.com\/#organization"},"potentialAction":[{"@type":"SearchAction","target":{"@type":"EntryPoint","urlTemplate":"https:\/\/marleycoffee.com\/?s={search_term_string}"},"query-input":{"@type":"PropertyValueSpecification","valueRequired":true,"valueName":"search_term_string"}}],"inLanguage":"fr-FR"},{"@type":"Organization","@id":"https:\/\/marleycoffee.com\/#organization","name":"Marley Coffee","url":"https:\/\/marleycoffee.com\/","logo":{"@type":"ImageObject","inLanguage":"fr-FR","@id":"https:\/\/marleycoffee.com\/#\/schema\/logo\/image\/","url":"https:\/\/i0.wp.com\/marleycoffee.com\/wp-content\/uploads\/2019\/04\/MarleyRLogo.png?fit=306%2C300&ssl=1","contentUrl":"https:\/\/i0.wp.com\/marleycoffee.com\/wp-content\/uploads\/2019\/04\/MarleyRLogo.png?fit=306%2C300&ssl=1","width":306,"height":300,"caption":"Marley Coffee"},"image":{"@id":"https:\/\/marleycoffee.com\/#\/schema\/logo\/image\/"},"sameAs":["https:\/\/www.facebook.com\/MarleyCoffee\/","https:\/\/x.com\/MarleyCoffee","https:\/\/www.instagram.com\/marleycoffee\/","https:\/\/www.pinterest.com\/marleycoffee\/"]}]}},"jetpack_shortlink":"https:\/\/wp.me\/Pfem11-AQ","jetpack_sharing_enabled":true,"_links":{"self":[{"href":"https:\/\/marleycoffee.com\/fr\/wp-json\/wp\/v2\/pages\/2284","targetHints":{"allow":["GET"]}}],"collection":[{"href":"https:\/\/marleycoffee.com\/fr\/wp-json\/wp\/v2\/pages"}],"about":[{"href":"https:\/\/marleycoffee.com\/fr\/wp-json\/wp\/v2\/types\/page"}],"author":[{"embeddable":true,"href":"https:\/\/marleycoffee.com\/fr\/wp-json\/wp\/v2\/users\/5"}],"replies":[{"embeddable":true,"href":"https:\/\/marleycoffee.com\/fr\/wp-json\/wp\/v2\/comments?post=2284"}],"version-history":[{"count":0,"href":"https:\/\/marleycoffee.com\/fr\/wp-json\/wp\/v2\/pages\/2284\/revisions"}],"wp:attachment":[{"href":"https:\/\/marleycoffee.com\/fr\/wp-json\/wp\/v2\/media?parent=2284"}],"curies":[{"name":"wp","href":"https:\/\/api.w.org\/{rel}","templated":true}]}}