{"id":806,"date":"2019-03-03T03:28:49","date_gmt":"2019-03-03T03:28:49","guid":{"rendered":"http:\/\/websitemc.azurewebsites.net\/about-us\/notre-metier\/"},"modified":"2024-05-03T20:07:54","modified_gmt":"2024-05-03T20:07:54","slug":"notre-metier","status":"publish","type":"page","link":"https:\/\/marleycoffee.com\/fr\/a-propos-de-nous\/notre-metier\/","title":{"rendered":"Notre m\u00e9tier"},"content":{"rendered":"<p><div class=\"fusion-fullwidth fullwidth-box fusion-builder-row-1 has-pattern-background has-mask-background fusion-parallax-none about-us-wrapper hundred-percent-fullwidth non-hundred-percent-height-scrolling fusion-equal-height-columns lazyload\" style=\"--awb-background-position:center bottom;--awb-border-radius-top-left:0px;--awb-border-radius-top-right:0px;--awb-border-radius-bottom-right:0px;--awb-border-radius-bottom-left:0px;--awb-padding-top:130px;--awb-padding-bottom:130px;--awb-background-size:cover;--awb-flex-wrap:wrap;\" data-bg=\"https:\/\/marleycoffee.com\/wp-content\/uploads\/2019\/03\/about_us_hero_background_new_2.jpg\" ><div class=\"fusion-builder-row fusion-row\"><div class=\"fusion-layout-column fusion_builder_column fusion-builder-column-0 fusion_builder_column_1_1 1_1 fusion-one-full fusion-column-first fusion-column-last\" style=\"--awb-bg-size:cover;--awb-margin-bottom:0px;\"><div class=\"fusion-column-wrapper fusion-flex-column-wrapper-legacy\"><div class=\"fusion-image-element fusion-image-align-center in-legacy-container\" style=\"text-align:center;--awb-max-width:80px;--awb-caption-title-font-family:var(--h2_typography-font-family);--awb-caption-title-font-weight:var(--h2_typography-font-weight);--awb-caption-title-font-style:var(--h2_typography-font-style);--awb-caption-title-size:var(--h2_typography-font-size);--awb-caption-title-transform:var(--h2_typography-text-transform);--awb-caption-title-line-height:var(--h2_typography-line-height);--awb-caption-title-letter-spacing:var(--h2_typography-letter-spacing);\"><div class=\"imageframe-align-center\"><span class=\" fusion-imageframe imageframe-none imageframe-1 hover-type-none\"><img decoding=\"async\" width=\"114\" height=\"73\" alt=\"Marley Coffee - Coffee Bean Icon\" title=\"Marley Coffee &#8211; image de grain de caf\u00e9\" src=\"data:image\/svg+xml,%3Csvg%20xmlns%3D%27http%3A%2F%2Fwww.w3.org%2F2000%2Fsvg%27%20width%3D%27114%27%20height%3D%2773%27%20viewBox%3D%270%200%20114%2073%27%3E%3Crect%20width%3D%27114%27%20height%3D%2773%27%20fill-opacity%3D%220%22%2F%3E%3C%2Fsvg%3E\" data-orig-src=\"https:\/\/marleycoffee.com\/wp-content\/uploads\/2019\/02\/coffee_bean_icon.png\" class=\"lazyload img-responsive wp-image-293\"\/><\/span><\/div><\/div><div class=\"fusion-title title fusion-title-1 fusion-sep-none fusion-title-center fusion-title-text fusion-title-size-one\" style=\"--awb-text-color:#ffffff;--awb-margin-top:16px;\"><h1 class=\"fusion-title-heading title-heading-center\" style=\"margin:0;\">Notre Histoire<\/h1><\/div><div class=\"fusion-clearfix\"><\/div><\/div><\/div><\/div><\/div>\n<div class=\"fusion-fullwidth fullwidth-box fusion-builder-row-2 our-craft nonhundred-percent-fullwidth non-hundred-percent-height-scrolling fusion-equal-height-columns\" style=\"--awb-background-position:center top;--awb-border-radius-top-left:0px;--awb-border-radius-top-right:0px;--awb-border-radius-bottom-right:0px;--awb-border-radius-bottom-left:0px;--awb-padding-top:90px;--awb-padding-bottom:80px;--awb-flex-wrap:wrap;\" ><div class=\"fusion-builder-row fusion-row\"><div class=\"fusion-layout-column fusion_builder_column fusion-builder-column-1 fusion_builder_column_1_5 1_5 fusion-one-fifth fusion-column-first\" style=\"--awb-bg-size:cover;width:20%;width:calc(20% - ( ( 4% + 4% ) * 0.2 ) );margin-right: 4%;\"><div class=\"fusion-column-wrapper fusion-column-has-shadow fusion-flex-column-wrapper-legacy\"><div class=\"fusion-clearfix\"><\/div><\/div><\/div><div class=\"fusion-layout-column fusion_builder_column fusion-builder-column-2 fusion_builder_column_3_5 3_5 fusion-three-fifth\" style=\"--awb-bg-size:cover;width:60%;width:calc(60% - ( ( 4% + 4% ) * 0.6 ) );margin-right: 4%;\"><div class=\"fusion-column-wrapper fusion-column-has-shadow fusion-flex-column-wrapper-legacy\"><div class=\"fusion-title title fusion-title-2 fusion-sep-none fusion-title-center fusion-title-text fusion-title-size-two\" style=\"--awb-font-size:59px;\"><h2 class=\"fusion-title-heading title-heading-center\" style=\"margin:0;font-size:1em;\"><p style=\"text-align: center;\">Notre m\u00e9tier<\/p><\/h2><\/div><div class=\"fusion-text fusion-text-1 about-us-large-paragraph\"><p style=\"text-align: center;\">D\u00e9couverte en 900 apr. J.-C. en \u00c9thiopie, la culture du caf\u00e9 est une tradition ancestrale pratiqu\u00e9e par de nombreuses communaut\u00e9s \u00e0 travers le monde. Parce qu\u2019il s\u2019agit du deuxi\u00e8me produit de base le plus pr\u00e9cieux \u00e0 \u00eatre export\u00e9 par les pays en d\u00e9veloppement, nous pensons qu\u2019il est important de soutenir les agriculteurs \u2015 une cause commune dont nous avons fait notre priorit\u00e9.<\/p>\n<\/div><div class=\"fusion-clearfix\"><\/div><\/div><\/div><div class=\"fusion-layout-column fusion_builder_column fusion-builder-column-3 fusion_builder_column_1_5 1_5 fusion-one-fifth fusion-column-last\" style=\"--awb-bg-size:cover;width:20%;width:calc(20% - ( ( 4% + 4% ) * 0.2 ) );\"><div class=\"fusion-column-wrapper fusion-column-has-shadow fusion-flex-column-wrapper-legacy\"><div class=\"fusion-clearfix\"><\/div><\/div><\/div><\/div><\/div><div class=\"fusion-fullwidth fullwidth-box fusion-builder-row-3 fair-trade-certified nonhundred-percent-fullwidth non-hundred-percent-height-scrolling fusion-equal-height-columns\" style=\"--awb-border-radius-top-left:0px;--awb-border-radius-top-right:0px;--awb-border-radius-bottom-right:0px;--awb-border-radius-bottom-left:0px;--awb-margin-bottom:90px;--awb-flex-wrap:wrap;\" ><div class=\"fusion-builder-row fusion-row\"><div class=\"fusion-layout-column fusion_builder_column fusion-builder-column-4 fusion_builder_column_2_3 2_3 fusion-two-third fusion-column-first\" style=\"--awb-padding-right:5%;--awb-padding-left:5%;--awb-bg-size:cover;width:66.666666666667%;width:calc(66.666666666667% - ( ( 4% ) * 0.66666666666667 ) );margin-right: 4%;\"><div class=\"fusion-column-wrapper fusion-column-has-shadow fusion-flex-column-wrapper-legacy\"><div class=\"fusion-column-content-centered\"><div class=\"fusion-column-content\"><div class=\"fusion-title title fusion-title-3 fusion-sep-none fusion-title-text fusion-title-size-three orange_divider_below\" style=\"--awb-font-size:29px;\"><h3 class=\"fusion-title-heading title-heading-left\" style=\"margin:0;font-size:1em;\">Certifi\u00e9 commerce \u00e9quitable (Fair Trade Certified\u2122)<\/h3><\/div><div class=\"fusion-text fusion-text-2\"><p>Nous soutenons et respectons nos semblables, c\u2019est pourquoi nous tenons \u00e0 offrir uniquement du caf\u00e9 certifi\u00e9 commerce \u00e9quitable (Fair Trade Certified\u2122).<\/p>\n<p>Lorsque vous achetez un produit Marley Coffee, vous soutenez les agriculteurs et les travailleurs qui mettent leur amour et leur d\u00e9vouement dans notre caf\u00e9. Le label FAIRTRADE signifie que les ingr\u00e9dients de nos produits proviennent de petites exploitations agricoles ou de plantations qui r\u00e9pondent aux normes sociales, \u00e9conomiques et environnementales du commerce \u00e9quitable.<\/p>\n<p>Ces normes comprennent la protection des droits des travailleurs et de l\u2019environnement, le paiement du prix minimum Fairtrade ainsi qu\u2019une prime Fairtrade pour investir dans des projets commerciaux ou communautaires.<\/p>\n<p>Avec cette tasse de caf\u00e9 au creux de la main, vous pouvez vous sentir aussi fier que nous de soutenir les personnes qui nous aident \u00e0 faire ce que nous aimons.<\/p>\n<\/div><\/div><\/div><div class=\"fusion-clearfix\"><\/div><\/div><\/div><div class=\"fusion-layout-column fusion_builder_column fusion-builder-column-5 fusion_builder_column_1_3 1_3 fusion-one-third fusion-column-last\" style=\"--awb-bg-size:cover;width:33.333333333333%;width:calc(33.333333333333% - ( ( 4% ) * 0.33333333333333 ) );\"><div class=\"fusion-column-wrapper fusion-flex-column-wrapper-legacy\"><div class=\"fusion-image-element fusion-image-align-center in-legacy-container\" style=\"text-align:center;--awb-caption-title-font-family:var(--h2_typography-font-family);--awb-caption-title-font-weight:var(--h2_typography-font-weight);--awb-caption-title-font-style:var(--h2_typography-font-style);--awb-caption-title-size:var(--h2_typography-font-size);--awb-caption-title-transform:var(--h2_typography-text-transform);--awb-caption-title-line-height:var(--h2_typography-line-height);--awb-caption-title-letter-spacing:var(--h2_typography-letter-spacing);\"><div class=\"imageframe-align-center\"><span class=\" fusion-imageframe imageframe-none imageframe-2 hover-type-none\"><img decoding=\"async\" width=\"690\" height=\"1278\" alt=\"Marley Coffee - Our Craft - Coffee Worker\" title=\"Marley Coffee &#8211; Our Craft &#8211; Coffee Worker\" src=\"https:\/\/i0.wp.com\/marleycoffee.com\/wp-content\/uploads\/2019\/03\/Marley_Coffee_Our_Craft_worker.jpg?fit=690%2C1278&ssl=1\" data-orig-src=\"https:\/\/marleycoffee.com\/wp-content\/uploads\/2019\/03\/Marley_Coffee_Our_Craft_worker.jpg\" class=\"lazyload img-responsive wp-image-307\" srcset=\"data:image\/svg+xml,%3Csvg%20xmlns%3D%27http%3A%2F%2Fwww.w3.org%2F2000%2Fsvg%27%20width%3D%27690%27%20height%3D%271278%27%20viewBox%3D%270%200%20690%201278%27%3E%3Crect%20width%3D%27690%27%20height%3D%271278%27%20fill-opacity%3D%220%22%2F%3E%3C%2Fsvg%3E\" data-srcset=\"https:\/\/i0.wp.com\/marleycoffee.com\/wp-content\/uploads\/2019\/03\/Marley_Coffee_Our_Craft_worker.jpg?resize=200%2C370&amp;ssl=1 200w, https:\/\/i0.wp.com\/marleycoffee.com\/wp-content\/uploads\/2019\/03\/Marley_Coffee_Our_Craft_worker.jpg?resize=400%2C741&amp;ssl=1 400w, https:\/\/i0.wp.com\/marleycoffee.com\/wp-content\/uploads\/2019\/03\/Marley_Coffee_Our_Craft_worker.jpg?resize=486%2C900&amp;ssl=1 486w, https:\/\/i0.wp.com\/marleycoffee.com\/wp-content\/uploads\/2019\/03\/Marley_Coffee_Our_Craft_worker.jpg?resize=600%2C1111&amp;ssl=1 600w, https:\/\/i0.wp.com\/marleycoffee.com\/wp-content\/uploads\/2019\/03\/Marley_Coffee_Our_Craft_worker.jpg?w=690&amp;ssl=1 690w\" data-sizes=\"auto\" data-orig-sizes=\"(max-width: 800px) 100vw, 690px\" \/><\/span><\/div><\/div><div class=\"fusion-clearfix\"><\/div><\/div><\/div><\/div><\/div><div class=\"fusion-fullwidth fullwidth-box fusion-builder-row-4 fusion-flex-container has-pattern-background has-mask-background connect-with-us-small nonhundred-percent-fullwidth non-hundred-percent-height-scrolling\" style=\"--awb-border-radius-top-left:0px;--awb-border-radius-top-right:0px;--awb-border-radius-bottom-right:0px;--awb-border-radius-bottom-left:0px;--awb-padding-right:0px;--awb-padding-bottom:2rem;--awb-padding-left:0px;--awb-flex-wrap:wrap;\" ><div class=\"fusion-builder-row fusion-row fusion-flex-align-items-flex-start fusion-flex-content-wrap\" style=\"max-width:104%;margin-left: calc(-4% \/ 2 );margin-right: calc(-4% \/ 2 );\"><div class=\"fusion-layout-column fusion_builder_column fusion-builder-column-6 fusion_builder_column_1_1 1_1 fusion-flex-column\" style=\"--awb-padding-right:5%;--awb-padding-left:5%;--awb-bg-size:cover;--awb-width-large:100%;--awb-margin-top-large:0px;--awb-spacing-right-large:1.92%;--awb-margin-bottom-large:20px;--awb-spacing-left-large:1.92%;--awb-width-medium:100%;--awb-order-medium:0;--awb-spacing-right-medium:1.92%;--awb-spacing-left-medium:1.92%;--awb-width-small:100%;--awb-order-small:0;--awb-spacing-right-small:1.92%;--awb-spacing-left-small:1.92%;\" data-motion-effects=\"[{&quot;type&quot;:&quot;&quot;,&quot;scroll_type&quot;:&quot;transition&quot;,&quot;scroll_direction&quot;:&quot;up&quot;,&quot;transition_speed&quot;:&quot;1&quot;,&quot;fade_type&quot;:&quot;in&quot;,&quot;scale_type&quot;:&quot;up&quot;,&quot;initial_scale&quot;:&quot;1&quot;,&quot;max_scale&quot;:&quot;1.5&quot;,&quot;min_scale&quot;:&quot;0.5&quot;,&quot;initial_rotate&quot;:&quot;0&quot;,&quot;end_rotate&quot;:&quot;30&quot;,&quot;initial_blur&quot;:&quot;0&quot;,&quot;end_blur&quot;:&quot;3&quot;,&quot;start_element&quot;:&quot;top&quot;,&quot;start_viewport&quot;:&quot;bottom&quot;,&quot;end_element&quot;:&quot;bottom&quot;,&quot;end_viewport&quot;:&quot;top&quot;,&quot;mouse_effect&quot;:&quot;track&quot;,&quot;mouse_effect_direction&quot;:&quot;opposite&quot;,&quot;mouse_effect_speed&quot;:&quot;2&quot;,&quot;infinite_animation&quot;:&quot;float&quot;,&quot;infinite_animation_speed&quot;:&quot;2&quot;}]\" data-scroll-devices=\"small-visibility,medium-visibility,large-visibility\"><div class=\"fusion-column-wrapper fusion-column-has-shadow fusion-flex-justify-content-flex-start fusion-content-layout-column\"><div class=\"fusion-title title fusion-title-4 fusion-sep-none fusion-title-center fusion-title-text fusion-title-size-two\" style=\"--awb-font-size:68px;\"><h2 class=\"fusion-title-heading title-heading-center\" style=\"margin:0;font-size:1em;\"><p style=\"text-align: center;\">Restons connect\u00e9s<\/p><\/h2><\/div><div class=\"fusion-text fusion-text-3\"><p style=\"text-align: center;\">Suivez-nous pour vous laisser inspirer et en savoir plus sur Marley Coffee.<\/p>\n<\/div><div class=\"fusion-social-links fusion-social-links-1\" style=\"--awb-margin-top:0px;--awb-margin-right:0px;--awb-margin-bottom:0px;--awb-margin-left:0px;--awb-alignment:center;--awb-box-border-top:0px;--awb-box-border-right:0px;--awb-box-border-bottom:0px;--awb-box-border-left:0px;--awb-icon-colors-hover:#aaaaaa;--awb-box-colors-hover:rgba(0,0,0,0);--awb-box-border-color:var(--awb-color3);--awb-box-border-color-hover:var(--awb-color4);\"><div class=\"fusion-social-networks boxed-icons color-type-custom\"><div class=\"fusion-social-networks-wrapper\"><a class=\"fusion-social-network-icon fusion-tooltip fusion-facebook icon-socialmediafacebook\" style=\"color:var(--awb-color6);font-size:32px;width:32px;background-color:rgba(0,0,0,0);border-color:rgba(0,0,0,0);border-radius:50px;\" data-placement=\"top\" data-title=\"Facebook\" data-toggle=\"tooltip\" title=\"Facebook\" aria-label=\"facebook\" target=\"_blank\" rel=\"noopener noreferrer\" href=\"https:\/\/www.facebook.com\/MarleyCoffee\/\"><\/a><a class=\"fusion-social-network-icon fusion-tooltip fusion-instagram icon-socialmediainstagram\" style=\"color:var(--awb-color6);font-size:32px;width:32px;background-color:rgba(0,0,0,0);border-color:rgba(0,0,0,0);border-radius:50px;\" data-placement=\"top\" data-title=\"Instagram\" data-toggle=\"tooltip\" title=\"Instagram\" aria-label=\"instagram\" target=\"_blank\" rel=\"noopener noreferrer\" href=\"https:\/\/www.instagram.com\/marleycoffee\/\"><\/a><a class=\"fusion-social-network-icon fusion-tooltip fusion-X icon-socialmediax\" style=\"color:var(--awb-color6);font-size:32px;width:32px;background-color:rgba(0,0,0,0);border-color:rgba(0,0,0,0);border-radius:50px;\" data-placement=\"top\" data-title=\"X\" data-toggle=\"tooltip\" title=\"X\" aria-label=\"X\" target=\"_blank\" rel=\"noopener noreferrer\" href=\"https:\/\/twitter.com\/MarleyCoffee\"><\/a><\/div><\/div><\/div><\/div><\/div><\/div><\/div>\n<\/p>\n","protected":false},"excerpt":{"rendered":"","protected":false},"author":13,"featured_media":0,"parent":800,"menu_order":2,"comment_status":"closed","ping_status":"closed","template":"","meta":{"footnotes":""},"class_list":["post-806","page","type-page","status-publish","hentry"],"yoast_head":"<!-- This site is optimized with the Yoast SEO plugin v27.2 - https:\/\/yoast.com\/product\/yoast-seo-wordpress\/ -->\n<title>Notre m\u00e9tier &#8212; Marley Coffee<\/title>\n<meta name=\"description\" content=\"Avec une tasse de caf\u00e9, vous pouvez vous sentir aussi fier que nous de soutenir les personnes qui nous aident \u00e0 faire ce que nous aimons.\" \/>\n<meta name=\"robots\" content=\"index, follow, max-snippet:-1, max-image-preview:large, max-video-preview:-1\" \/>\n<link rel=\"canonical\" href=\"https:\/\/marleycoffee.com\/fr\/a-propos-de-nous\/notre-metier\/\" \/>\n<meta property=\"og:locale\" content=\"fr_FR\" \/>\n<meta property=\"og:type\" content=\"article\" \/>\n<meta property=\"og:title\" content=\"Notre m\u00e9tier &#8212; Marley Coffee\" \/>\n<meta property=\"og:description\" content=\"Avec une tasse de caf\u00e9, vous pouvez vous sentir aussi fier que nous de soutenir les personnes qui nous aident \u00e0 faire ce que nous aimons.\" \/>\n<meta property=\"og:url\" content=\"https:\/\/marleycoffee.com\/fr\/a-propos-de-nous\/notre-metier\/\" \/>\n<meta property=\"og:site_name\" content=\"Marley Coffee\" \/>\n<meta property=\"article:publisher\" content=\"https:\/\/www.facebook.com\/MarleyCoffee\/\" \/>\n<meta property=\"article:modified_time\" content=\"2024-05-03T20:07:54+00:00\" \/>\n<meta name=\"twitter:card\" content=\"summary_large_image\" \/>\n<meta name=\"twitter:site\" content=\"@MarleyCoffee\" \/>\n<meta name=\"twitter:label1\" content=\"Dur\u00e9e de lecture estim\u00e9e\" \/>\n\t<meta name=\"twitter:data1\" content=\"2 minutes\" \/>\n<script type=\"application\/ld+json\" class=\"yoast-schema-graph\">{\"@context\":\"https:\/\/schema.org\",\"@graph\":[{\"@type\":\"WebPage\",\"@id\":\"https:\/\/marleycoffee.com\/fr\/a-propos-de-nous\/notre-metier\/\",\"url\":\"https:\/\/marleycoffee.com\/fr\/a-propos-de-nous\/notre-metier\/\",\"name\":\"Notre m\u00e9tier &#8212; Marley Coffee\",\"isPartOf\":{\"@id\":\"https:\/\/marleycoffee.com\/#website\"},\"datePublished\":\"2019-03-03T03:28:49+00:00\",\"dateModified\":\"2024-05-03T20:07:54+00:00\",\"description\":\"Avec une tasse de caf\u00e9, vous pouvez vous sentir aussi fier que nous de soutenir les personnes qui nous aident \u00e0 faire ce que nous aimons.\",\"breadcrumb\":{\"@id\":\"https:\/\/marleycoffee.com\/fr\/a-propos-de-nous\/notre-metier\/#breadcrumb\"},\"inLanguage\":\"fr-FR\",\"potentialAction\":[{\"@type\":\"ReadAction\",\"target\":[\"https:\/\/marleycoffee.com\/fr\/a-propos-de-nous\/notre-metier\/\"]}]},{\"@type\":\"BreadcrumbList\",\"@id\":\"https:\/\/marleycoffee.com\/fr\/a-propos-de-nous\/notre-metier\/#breadcrumb\",\"itemListElement\":[{\"@type\":\"ListItem\",\"position\":1,\"name\":\"Home\",\"item\":\"https:\/\/marleycoffee.com\/fr\/\"},{\"@type\":\"ListItem\",\"position\":2,\"name\":\"\u00c0 propos de nous\",\"item\":\"https:\/\/marleycoffee.com\/fr\/a-propos-de-nous\/\"},{\"@type\":\"ListItem\",\"position\":3,\"name\":\"Notre m\u00e9tier\"}]},{\"@type\":\"WebSite\",\"@id\":\"https:\/\/marleycoffee.com\/#website\",\"url\":\"https:\/\/marleycoffee.com\/\",\"name\":\"Marley Coffee\",\"description\":\"\",\"publisher\":{\"@id\":\"https:\/\/marleycoffee.com\/#organization\"},\"potentialAction\":[{\"@type\":\"SearchAction\",\"target\":{\"@type\":\"EntryPoint\",\"urlTemplate\":\"https:\/\/marleycoffee.com\/?s={search_term_string}\"},\"query-input\":{\"@type\":\"PropertyValueSpecification\",\"valueRequired\":true,\"valueName\":\"search_term_string\"}}],\"inLanguage\":\"fr-FR\"},{\"@type\":\"Organization\",\"@id\":\"https:\/\/marleycoffee.com\/#organization\",\"name\":\"Marley Coffee\",\"url\":\"https:\/\/marleycoffee.com\/\",\"logo\":{\"@type\":\"ImageObject\",\"inLanguage\":\"fr-FR\",\"@id\":\"https:\/\/marleycoffee.com\/#\/schema\/logo\/image\/\",\"url\":\"https:\/\/i0.wp.com\/marleycoffee.com\/wp-content\/uploads\/2019\/04\/MarleyRLogo.png?fit=306%2C300&ssl=1\",\"contentUrl\":\"https:\/\/i0.wp.com\/marleycoffee.com\/wp-content\/uploads\/2019\/04\/MarleyRLogo.png?fit=306%2C300&ssl=1\",\"width\":306,\"height\":300,\"caption\":\"Marley Coffee\"},\"image\":{\"@id\":\"https:\/\/marleycoffee.com\/#\/schema\/logo\/image\/\"},\"sameAs\":[\"https:\/\/www.facebook.com\/MarleyCoffee\/\",\"https:\/\/x.com\/MarleyCoffee\",\"https:\/\/www.instagram.com\/marleycoffee\/\",\"https:\/\/www.pinterest.com\/marleycoffee\/\"]}]}<\/script>\n<!-- \/ Yoast SEO plugin. -->","yoast_head_json":{"title":"Notre m\u00e9tier &#8212; Marley Coffee","description":"Avec une tasse de caf\u00e9, vous pouvez vous sentir aussi fier que nous de soutenir les personnes qui nous aident \u00e0 faire ce que nous aimons.","robots":{"index":"index","follow":"follow","max-snippet":"max-snippet:-1","max-image-preview":"max-image-preview:large","max-video-preview":"max-video-preview:-1"},"canonical":"https:\/\/marleycoffee.com\/fr\/a-propos-de-nous\/notre-metier\/","og_locale":"fr_FR","og_type":"article","og_title":"Notre m\u00e9tier &#8212; Marley Coffee","og_description":"Avec une tasse de caf\u00e9, vous pouvez vous sentir aussi fier que nous de soutenir les personnes qui nous aident \u00e0 faire ce que nous aimons.","og_url":"https:\/\/marleycoffee.com\/fr\/a-propos-de-nous\/notre-metier\/","og_site_name":"Marley Coffee","article_publisher":"https:\/\/www.facebook.com\/MarleyCoffee\/","article_modified_time":"2024-05-03T20:07:54+00:00","twitter_card":"summary_large_image","twitter_site":"@MarleyCoffee","twitter_misc":{"Dur\u00e9e de lecture estim\u00e9e":"2 minutes"},"schema":{"@context":"https:\/\/schema.org","@graph":[{"@type":"WebPage","@id":"https:\/\/marleycoffee.com\/fr\/a-propos-de-nous\/notre-metier\/","url":"https:\/\/marleycoffee.com\/fr\/a-propos-de-nous\/notre-metier\/","name":"Notre m\u00e9tier &#8212; Marley Coffee","isPartOf":{"@id":"https:\/\/marleycoffee.com\/#website"},"datePublished":"2019-03-03T03:28:49+00:00","dateModified":"2024-05-03T20:07:54+00:00","description":"Avec une tasse de caf\u00e9, vous pouvez vous sentir aussi fier que nous de soutenir les personnes qui nous aident \u00e0 faire ce que nous aimons.","breadcrumb":{"@id":"https:\/\/marleycoffee.com\/fr\/a-propos-de-nous\/notre-metier\/#breadcrumb"},"inLanguage":"fr-FR","potentialAction":[{"@type":"ReadAction","target":["https:\/\/marleycoffee.com\/fr\/a-propos-de-nous\/notre-metier\/"]}]},{"@type":"BreadcrumbList","@id":"https:\/\/marleycoffee.com\/fr\/a-propos-de-nous\/notre-metier\/#breadcrumb","itemListElement":[{"@type":"ListItem","position":1,"name":"Home","item":"https:\/\/marleycoffee.com\/fr\/"},{"@type":"ListItem","position":2,"name":"\u00c0 propos de nous","item":"https:\/\/marleycoffee.com\/fr\/a-propos-de-nous\/"},{"@type":"ListItem","position":3,"name":"Notre m\u00e9tier"}]},{"@type":"WebSite","@id":"https:\/\/marleycoffee.com\/#website","url":"https:\/\/marleycoffee.com\/","name":"Marley Coffee","description":"","publisher":{"@id":"https:\/\/marleycoffee.com\/#organization"},"potentialAction":[{"@type":"SearchAction","target":{"@type":"EntryPoint","urlTemplate":"https:\/\/marleycoffee.com\/?s={search_term_string}"},"query-input":{"@type":"PropertyValueSpecification","valueRequired":true,"valueName":"search_term_string"}}],"inLanguage":"fr-FR"},{"@type":"Organization","@id":"https:\/\/marleycoffee.com\/#organization","name":"Marley Coffee","url":"https:\/\/marleycoffee.com\/","logo":{"@type":"ImageObject","inLanguage":"fr-FR","@id":"https:\/\/marleycoffee.com\/#\/schema\/logo\/image\/","url":"https:\/\/i0.wp.com\/marleycoffee.com\/wp-content\/uploads\/2019\/04\/MarleyRLogo.png?fit=306%2C300&ssl=1","contentUrl":"https:\/\/i0.wp.com\/marleycoffee.com\/wp-content\/uploads\/2019\/04\/MarleyRLogo.png?fit=306%2C300&ssl=1","width":306,"height":300,"caption":"Marley Coffee"},"image":{"@id":"https:\/\/marleycoffee.com\/#\/schema\/logo\/image\/"},"sameAs":["https:\/\/www.facebook.com\/MarleyCoffee\/","https:\/\/x.com\/MarleyCoffee","https:\/\/www.instagram.com\/marleycoffee\/","https:\/\/www.pinterest.com\/marleycoffee\/"]}]}},"jetpack_shortlink":"https:\/\/wp.me\/Pfem11-d0","jetpack_sharing_enabled":true,"_links":{"self":[{"href":"https:\/\/marleycoffee.com\/fr\/wp-json\/wp\/v2\/pages\/806","targetHints":{"allow":["GET"]}}],"collection":[{"href":"https:\/\/marleycoffee.com\/fr\/wp-json\/wp\/v2\/pages"}],"about":[{"href":"https:\/\/marleycoffee.com\/fr\/wp-json\/wp\/v2\/types\/page"}],"author":[{"embeddable":true,"href":"https:\/\/marleycoffee.com\/fr\/wp-json\/wp\/v2\/users\/13"}],"replies":[{"embeddable":true,"href":"https:\/\/marleycoffee.com\/fr\/wp-json\/wp\/v2\/comments?post=806"}],"version-history":[{"count":0,"href":"https:\/\/marleycoffee.com\/fr\/wp-json\/wp\/v2\/pages\/806\/revisions"}],"up":[{"embeddable":true,"href":"https:\/\/marleycoffee.com\/fr\/wp-json\/wp\/v2\/pages\/800"}],"wp:attachment":[{"href":"https:\/\/marleycoffee.com\/fr\/wp-json\/wp\/v2\/media?parent=806"}],"curies":[{"name":"wp","href":"https:\/\/api.w.org\/{rel}","templated":true}]}}